{"id":6,"date":"2024-03-28T19:57:43","date_gmt":"2024-03-28T18:57:43","guid":{"rendered":"https:\/\/hectorasencio.net\/aplicaciones-arqueologia\/?page_id=6"},"modified":"2026-03-06T16:08:27","modified_gmt":"2026-03-06T15:08:27","slug":"inicio","status":"publish","type":"page","link":"https:\/\/hectorasencio.net\/aplicaciones-arqueologia\/","title":{"rendered":"Inicio"},"content":{"rendered":"\n<div class=\"wp-block-cover alignfull is-light aipla-bottom-layer wp-duotone-blue-orange\" style=\"margin-bottom:-100px;padding-top:var(--wp--preset--spacing--xx-large);padding-bottom:var(--wp--preset--spacing--xx-large)\"><img loading=\"lazy\" decoding=\"async\" width=\"2048\" height=\"1536\" class=\"wp-block-cover__image-background wp-image-307\" alt=\"\" src=\"https:\/\/hectorasencio.net\/aplicaciones-arqueologia\/wp-content\/uploads\/sites\/4\/2024\/07\/image-2.jpeg\" data-object-fit=\"cover\" srcset=\"https:\/\/hectorasencio.net\/aplicaciones-arqueologia\/wp-content\/uploads\/sites\/4\/2024\/07\/image-2.jpeg 2048w, https:\/\/hectorasencio.net\/aplicaciones-arqueologia\/wp-content\/uploads\/sites\/4\/2024\/07\/image-2-300x225.jpeg 300w, https:\/\/hectorasencio.net\/aplicaciones-arqueologia\/wp-content\/uploads\/sites\/4\/2024\/07\/image-2-1024x768.jpeg 1024w, https:\/\/hectorasencio.net\/aplicaciones-arqueologia\/wp-content\/uploads\/sites\/4\/2024\/07\/image-2-768x576.jpeg 768w, https:\/\/hectorasencio.net\/aplicaciones-arqueologia\/wp-content\/uploads\/sites\/4\/2024\/07\/image-2-1536x1152.jpeg 1536w\" sizes=\"auto, (max-width: 2048px) 100vw, 2048px\" \/><span aria-hidden=\"true\" class=\"wp-block-cover__background has-background-dim-30 has-background-dim\" style=\"background-color:#7f808b\"><\/span><div class=\"wp-block-cover__inner-container is-layout-flow wp-block-cover-is-layout-flow\">\n<div class=\"wp-block-group alignfull has-global-padding is-layout-constrained wp-container-core-group-is-layout-fc561886 wp-block-group-is-layout-constrained\" style=\"margin-top:0px;margin-bottom:-100px;padding-right:var(--wp--preset--spacing--small);padding-left:var(--wp--preset--spacing--small)\">\n<div class=\"wp-block-group alignwide is-layout-flow wp-block-group-is-layout-flow\">\n<div style=\"height:50px\" aria-hidden=\"true\" class=\"wp-block-spacer\"><\/div>\n\n\n\n<div class=\"wp-block-uagb-advanced-heading uagb-block-37fe08f8\"><h2 class=\"uagb-heading-text\">Aplicaciones inform\u00e1ticas para la arqueolog\u00eda<\/h2><\/div>\n\n\n\n<div class=\"wp-block-uagb-advanced-heading uagb-block-2b05bdd4\"><h2 class=\"uagb-heading-text\">Apuntes, recursos y art\u00edculos sobre arqueolog\u00eda virtual<\/h2><\/div>\n\n\n\n<div style=\"height:193px\" aria-hidden=\"true\" class=\"wp-block-spacer\"><\/div>\n<\/div>\n<\/div>\n<\/div><\/div>\n\n\n\n<div class=\"wp-block-group alignwide has-global-padding is-layout-constrained wp-container-core-group-is-layout-db21a3f5 wp-block-group-is-layout-constrained\" style=\"border-radius:6px;padding-top:0;padding-right:0;padding-bottom:0;padding-left:0\">\n<div class=\"wp-block-group alignwide is-layout-flow wp-container-core-group-is-layout-c42c0b59 wp-block-group-is-layout-flow\" style=\"padding-right:14px;padding-left:14px\">\n<div class=\"wp-block-columns alignwide is-layout-flex wp-container-core-columns-is-layout-47e616e8 wp-block-columns-is-layout-flex\">\n<div class=\"wp-block-column is-layout-flow wp-container-core-column-is-layout-c39a6912 wp-block-column-is-layout-flow\">\n<div class=\"wp-block-group has-border-color has-primary-background-color has-background has-global-padding is-layout-constrained wp-container-core-group-is-layout-5fbedae1 wp-block-group-is-layout-constrained\" style=\"border-color:#F8FAFC;border-width:1px;border-radius:10px;min-height:100%;padding-top:var(--wp--preset--spacing--large);padding-right:var(--wp--preset--spacing--large);padding-bottom:var(--wp--preset--spacing--large);padding-left:var(--wp--preset--spacing--large)\">\n<p class=\"has-text-align-left has-quaternary-color has-text-color has-link-color has-x-small-font-size wp-elements-d27984eb0e4de16d3402f5237e31e913\" style=\"font-style:normal;font-weight:700;letter-spacing:2px;text-transform:uppercase\">TEMA 1<\/p>\n\n\n\n<h5 class=\"wp-block-heading has-background-color has-text-color has-xxx-large-font-size\" style=\"margin-top:var(--wp--preset--spacing--x-small);font-style:normal;font-weight:900;line-height:1.1\">Transformaci\u00f3n <br>de datos anal\u00f3gicos a datos digitales<\/h5>\n\n\n\n<p class=\"has-background-color has-text-color has-link-color wp-elements-f515bcfa5bf08eaae8efdc50aa56905d\" style=\"margin-top:var(--wp--preset--spacing--x-small);margin-bottom:var(--wp--preset--spacing--x-small)\">Conversi\u00f3n de datos anal\u00f3gicos a digitales, creaci\u00f3n de IDEs, herramientas CAD y edici\u00f3n web.<\/p>\n\n\n\n<div class=\"wp-block-uagb-buttons uagb-buttons__outer-wrap uagb-btn__default-btn uagb-btn-tablet__default-btn uagb-btn-mobile__default-btn uagb-block-cc3569cb\"><div class=\"uagb-buttons__wrap uagb-buttons-layout-wrap \">\n<div class=\"wp-block-uagb-buttons-child uagb-buttons__outer-wrap uagb-block-22da26d3 wp-block-button\"><div class=\"uagb-button__wrapper\"><a class=\"uagb-buttons-repeater wp-block-button__link\" aria-label=\"\" href=\"https:\/\/hectorasencio.net\/aplicaciones-arqueologia\/transformacion-de-datos-analogicos-en-datos-digitales\/\" rel=\"follow noopener\" target=\"_self\" role=\"button\"><div class=\"uagb-button__link\">Ver tema<\/div><span class=\"uagb-button__icon uagb-button__icon-position-after\"><svg xmlns=\"https:\/\/www.w3.org\/2000\/svg\" viewBox=\"0 0 448 512\" aria-hidden=\"true\" focussable=\"false\"><path d=\"M438.6 278.6l-160 160C272.4 444.9 264.2 448 256 448s-16.38-3.125-22.62-9.375c-12.5-12.5-12.5-32.75 0-45.25L338.8 288H32C14.33 288 .0016 273.7 .0016 256S14.33 224 32 224h306.8l-105.4-105.4c-12.5-12.5-12.5-32.75 0-45.25s32.75-12.5 45.25 0l160 160C451.1 245.9 451.1 266.1 438.6 278.6z\"><\/path><\/svg><\/span><\/a><\/div><\/div>\n<\/div><\/div>\n<\/div>\n<\/div>\n\n\n\n<div class=\"wp-block-column is-layout-flow wp-container-core-column-is-layout-c39a6912 wp-block-column-is-layout-flow\">\n<div class=\"wp-block-group has-border-color has-surface-border-color has-primary-background-color has-background has-global-padding is-layout-constrained wp-container-core-group-is-layout-5fbedae1 wp-block-group-is-layout-constrained\" style=\"border-color:#F8FAFC;border-width:1px;border-radius:10px;min-height:100%;padding-top:var(--wp--preset--spacing--large);padding-right:var(--wp--preset--spacing--large);padding-bottom:var(--wp--preset--spacing--large);padding-left:var(--wp--preset--spacing--large)\">\n<p class=\"has-text-align-left has-quaternary-color has-text-color has-link-color has-x-small-font-size wp-elements-0e2f98b887f424d47ddd03d2e5207648\" style=\"font-style:normal;font-weight:700;letter-spacing:2px;text-transform:uppercase\">TEMA 2<\/p>\n\n\n\n<h5 class=\"wp-block-heading has-background-color has-text-color has-xxx-large-font-size\" style=\"margin-top:var(--wp--preset--spacing--x-small);font-style:normal;font-weight:900;line-height:1.1\">Herramientas y t\u00e9cnicas para la anastilosis virtual<\/h5>\n\n\n\n<p class=\"has-background-color has-text-color has-link-color wp-elements-9bcf1c1cc5a9f729a35084f37213c9b0\" style=\"margin-top:var(--wp--preset--spacing--x-small);margin-bottom:var(--wp--preset--spacing--x-small)\">Desarrollo de modelos 3D con Blender y Metashape para la reconstrucci\u00f3n de monumentos.<\/p>\n\n\n\n<div class=\"wp-block-uagb-buttons uagb-buttons__outer-wrap uagb-btn__default-btn uagb-btn-tablet__default-btn uagb-btn-mobile__default-btn uagb-block-cb5d766d\"><div class=\"uagb-buttons__wrap uagb-buttons-layout-wrap \">\n<div class=\"wp-block-uagb-buttons-child uagb-buttons__outer-wrap uagb-block-cb102432 wp-block-button\"><div class=\"uagb-button__wrapper\"><a class=\"uagb-buttons-repeater wp-block-button__link\" aria-label=\"\" href=\"https:\/\/hectorasencio.net\/aplicaciones-arqueologia\/herramientas-y-tecnicas-de-anastilosis-virtual\/\" rel=\"follow noopener\" target=\"_self\" role=\"button\"><div class=\"uagb-button__link\">Ver tema<\/div><span class=\"uagb-button__icon uagb-button__icon-position-after\"><svg xmlns=\"https:\/\/www.w3.org\/2000\/svg\" viewBox=\"0 0 448 512\" aria-hidden=\"true\" focussable=\"false\"><path d=\"M438.6 278.6l-160 160C272.4 444.9 264.2 448 256 448s-16.38-3.125-22.62-9.375c-12.5-12.5-12.5-32.75 0-45.25L338.8 288H32C14.33 288 .0016 273.7 .0016 256S14.33 224 32 224h306.8l-105.4-105.4c-12.5-12.5-12.5-32.75 0-45.25s32.75-12.5 45.25 0l160 160C451.1 245.9 451.1 266.1 438.6 278.6z\"><\/path><\/svg><\/span><\/a><\/div><\/div>\n<\/div><\/div>\n<\/div>\n<\/div>\n<\/div>\n\n\n\n<div class=\"wp-block-columns alignwide is-layout-flex wp-container-core-columns-is-layout-47e616e8 wp-block-columns-is-layout-flex\">\n<div class=\"wp-block-column is-layout-flow wp-container-core-column-is-layout-c39a6912 wp-block-column-is-layout-flow\">\n<div class=\"wp-block-group has-border-color has-primary-background-color has-background has-global-padding is-layout-constrained wp-container-core-group-is-layout-5fbedae1 wp-block-group-is-layout-constrained\" style=\"border-color:#F8FAFC;border-width:1px;border-radius:10px;min-height:100%;padding-top:var(--wp--preset--spacing--large);padding-right:var(--wp--preset--spacing--large);padding-bottom:var(--wp--preset--spacing--large);padding-left:var(--wp--preset--spacing--large)\">\n<p class=\"has-text-align-left has-quaternary-color has-text-color has-link-color has-x-small-font-size wp-elements-fa3191d3753b8aee0bfdb1ba96dd4130\" style=\"font-style:normal;font-weight:700;letter-spacing:2px;text-transform:uppercase\">TEMA 3<\/p>\n\n\n\n<h5 class=\"wp-block-heading has-background-color has-text-color has-xxx-large-font-size\" style=\"margin-top:var(--wp--preset--spacing--x-small);font-style:normal;font-weight:900;line-height:1.1\">Captura, gesti\u00f3n y modelizaci\u00f3n de informaci\u00f3n<\/h5>\n\n\n\n<p class=\"has-background-color has-text-color has-link-color wp-elements-a2f50c8adccb2bf1def029cffd15002b\" style=\"margin-top:var(--wp--preset--spacing--x-small);margin-bottom:var(--wp--preset--spacing--x-small)\">Digitalizaci\u00f3n de entornos y elementos mediante fotogrametr\u00eda, entornos GIS y HBIM.<\/p>\n\n\n\n<div class=\"wp-block-uagb-buttons uagb-buttons__outer-wrap uagb-btn__default-btn uagb-btn-tablet__default-btn uagb-btn-mobile__default-btn uagb-block-7a8f5d93\"><div class=\"uagb-buttons__wrap uagb-buttons-layout-wrap \">\n<div class=\"wp-block-uagb-buttons-child uagb-buttons__outer-wrap uagb-block-ad48287b wp-block-button\"><div class=\"uagb-button__wrapper\"><a class=\"uagb-buttons-repeater wp-block-button__link\" aria-label=\"\" href=\"https:\/\/hectorasencio.net\/aplicaciones-arqueologia\/captura-gestion-y-modelizacion-de-datos\/\" rel=\"follow noopener\" target=\"_self\" role=\"button\"><div class=\"uagb-button__link\">Ver tema<\/div><span class=\"uagb-button__icon uagb-button__icon-position-after\"><svg xmlns=\"https:\/\/www.w3.org\/2000\/svg\" viewBox=\"0 0 448 512\" aria-hidden=\"true\" focussable=\"false\"><path d=\"M438.6 278.6l-160 160C272.4 444.9 264.2 448 256 448s-16.38-3.125-22.62-9.375c-12.5-12.5-12.5-32.75 0-45.25L338.8 288H32C14.33 288 .0016 273.7 .0016 256S14.33 224 32 224h306.8l-105.4-105.4c-12.5-12.5-12.5-32.75 0-45.25s32.75-12.5 45.25 0l160 160C451.1 245.9 451.1 266.1 438.6 278.6z\"><\/path><\/svg><\/span><\/a><\/div><\/div>\n<\/div><\/div>\n<\/div>\n<\/div>\n\n\n\n<div class=\"wp-block-column is-layout-flow wp-container-core-column-is-layout-c39a6912 wp-block-column-is-layout-flow\">\n<div class=\"wp-block-group has-border-color has-surface-border-color has-primary-background-color has-background has-global-padding is-layout-constrained wp-container-core-group-is-layout-5fbedae1 wp-block-group-is-layout-constrained\" style=\"border-color:#F8FAFC;border-width:1px;border-radius:10px;min-height:100%;padding-top:var(--wp--preset--spacing--large);padding-right:var(--wp--preset--spacing--large);padding-bottom:var(--wp--preset--spacing--large);padding-left:var(--wp--preset--spacing--large)\">\n<p class=\"has-text-align-left has-quaternary-color has-text-color has-link-color has-x-small-font-size wp-elements-02831f81e519dbf80c6b0ea5b6c7e1ce\" style=\"font-style:normal;font-weight:700;letter-spacing:2px;text-transform:uppercase\">TEMA 4<\/p>\n\n\n\n<h5 class=\"wp-block-heading has-background-color has-text-color has-xxx-large-font-size\" style=\"margin-top:var(--wp--preset--spacing--x-small);font-style:normal;font-weight:900;line-height:1.1\">Calibraci\u00f3n arqueol\u00f3gica y dataci\u00f3n digital<\/h5>\n\n\n\n<p class=\"has-background-color has-text-color has-link-color wp-elements-2f7fcb68dfa627c9196670b7b9df7adf\" style=\"margin-top:var(--wp--preset--spacing--x-small);margin-bottom:var(--wp--preset--spacing--x-small)\">Metodolog\u00edas digitales de calibraci\u00f3n y dataci\u00f3n para la cronogrametr\u00eda arqueol\u00f3gica.<\/p>\n\n\n\n<div class=\"wp-block-uagb-buttons uagb-buttons__outer-wrap uagb-btn__default-btn uagb-btn-tablet__default-btn uagb-btn-mobile__default-btn uagb-block-436f8173\"><div class=\"uagb-buttons__wrap uagb-buttons-layout-wrap \">\n<div class=\"wp-block-uagb-buttons-child uagb-buttons__outer-wrap uagb-block-2ef8f2b0 wp-block-button\"><div class=\"uagb-button__wrapper\"><a class=\"uagb-buttons-repeater wp-block-button__link\" aria-label=\"\" href=\"https:\/\/hectorasencio.net\/aplicaciones-arqueologia\/calibracion-arqueologica-y-datacion-digital\/\" rel=\"follow noopener\" target=\"_self\" role=\"button\"><div class=\"uagb-button__link\">Ver tema<\/div><span class=\"uagb-button__icon uagb-button__icon-position-after\"><svg xmlns=\"https:\/\/www.w3.org\/2000\/svg\" viewBox=\"0 0 448 512\" aria-hidden=\"true\" focussable=\"false\"><path d=\"M438.6 278.6l-160 160C272.4 444.9 264.2 448 256 448s-16.38-3.125-22.62-9.375c-12.5-12.5-12.5-32.75 0-45.25L338.8 288H32C14.33 288 .0016 273.7 .0016 256S14.33 224 32 224h306.8l-105.4-105.4c-12.5-12.5-12.5-32.75 0-45.25s32.75-12.5 45.25 0l160 160C451.1 245.9 451.1 266.1 438.6 278.6z\"><\/path><\/svg><\/span><\/a><\/div><\/div>\n<\/div><\/div>\n<\/div>\n<\/div>\n<\/div>\n<\/div>\n<\/div>\n\n\n\n<div style=\"height:59px\" aria-hidden=\"true\" class=\"wp-block-spacer\"><\/div>\n\n\n\n<div class=\"wp-block-group alignwide is-layout-flow wp-block-group-is-layout-flow\" style=\"padding-right:var(--wp--preset--spacing--small);padding-left:var(--wp--preset--spacing--small)\">\n<div class=\"wp-block-uagb-separator uagb-block-c5c3ffa2 wp-block-uagb-separator--text\"><div class=\"wp-block-uagb-separator__inner\" style=\"--my-background-image:\"><div class=\"wp-block-uagb-separator-element\"><h3 class=\"uagb-html-tag\">Todos los Art\u00edculos<\/h3><\/div><\/div><\/div>\n\n\n\n<div style=\"height:29px\" aria-hidden=\"true\" class=\"wp-block-spacer\"><\/div>\n\n\n\n\t\t\t<div class=\"wp-block-uagb-post-grid uagb-post-grid  uagb-post__image-position-top uagb-post__image-disabled uagb-block-0018e962     uagb-post__items uagb-post__columns-4 is-grid uagb-post__columns-tablet-2 uagb-post__columns-mobile-1 uagb-post__equal-height\" data-total=\"1\" style=\"\">\n\n\t\t\t\t\t\t\t\t\t\t\t\t<article class=\"uagb-post__inner-wrap\">\t\t\t\t\t\t\t\t<h4 class=\"uagb-post__title uagb-post__text\">\n\t\t\t\t<a href=\"https:\/\/hectorasencio.net\/aplicaciones-arqueologia\/desarrollo-ide\/\" target=\"_blank\" rel=\"bookmark noopener noreferrer\">Desarrollo de Infraestructuras de Datos Espaciales<\/a>\n\t\t\t<\/h4>\n\t\t\t\n\t\t\t\t\t\t\t\t\t<\/article>\n\t\t\t\t\t\t\t\t\t\t\t\t\t\t\t\t<article class=\"uagb-post__inner-wrap\">\t\t\t\t\t\t\t\t<h4 class=\"uagb-post__title uagb-post__text\">\n\t\t\t\t<a href=\"https:\/\/hectorasencio.net\/aplicaciones-arqueologia\/la-matriz-de-harris\/\" target=\"_blank\" rel=\"bookmark noopener noreferrer\">Creaci\u00f3n de matrices con Harris Matrix Composer<\/a>\n\t\t\t<\/h4>\n\t\t\t\n\t\t\t\t\t\t\t\t\t<\/article>\n\t\t\t\t\t\t\t\t\t\t\t\t\t\t\t\t<article class=\"uagb-post__inner-wrap\">\t\t\t\t\t\t\t\t<h4 class=\"uagb-post__title uagb-post__text\">\n\t\t\t\t<a href=\"https:\/\/hectorasencio.net\/aplicaciones-arqueologia\/planimetria-en-cad\/\" target=\"_blank\" rel=\"bookmark noopener noreferrer\">Dibujo arqueol\u00f3gico y planimetr\u00eda en CAD<\/a>\n\t\t\t<\/h4>\n\t\t\t\n\t\t\t\t\t\t\t\t\t<\/article>\n\t\t\t\t\t\t\t\t\t\t\t\t\t\t\t\t<article class=\"uagb-post__inner-wrap\">\t\t\t\t\t\t\t\t<h4 class=\"uagb-post__title uagb-post__text\">\n\t\t\t\t<a href=\"https:\/\/hectorasencio.net\/aplicaciones-arqueologia\/fotogrametria-basica\/\" target=\"_blank\" rel=\"bookmark noopener noreferrer\">Primeros pasos para la fotogrametr\u00eda del patrimonio<\/a>\n\t\t\t<\/h4>\n\t\t\t\n\t\t\t\t\t\t\t\t\t<\/article>\n\t\t\t\t\t\t\t\t\t\t\t\t\t\t\t\t<article class=\"uagb-post__inner-wrap\">\t\t\t\t\t\t\t\t<h4 class=\"uagb-post__title uagb-post__text\">\n\t\t\t\t<a href=\"https:\/\/hectorasencio.net\/aplicaciones-arqueologia\/introduccion-a-blender\/\" target=\"_blank\" rel=\"bookmark noopener noreferrer\">Introducci\u00f3n a Blender para la gesti\u00f3n del patrimonio<\/a>\n\t\t\t<\/h4>\n\t\t\t\n\t\t\t\t\t\t\t\t\t<\/article>\n\t\t\t\t\t\t\t\t\t\t\t\t\t\t\t\t<article class=\"uagb-post__inner-wrap\">\t\t\t\t\t\t\t\t<h4 class=\"uagb-post__title uagb-post__text\">\n\t\t\t\t<a href=\"https:\/\/hectorasencio.net\/aplicaciones-arqueologia\/calibracion-con-calpal\/\" target=\"_blank\" rel=\"bookmark noopener noreferrer\">Calibraci\u00f3n de fechas radiocarb\u00f3nicas con CalPal<\/a>\n\t\t\t<\/h4>\n\t\t\t\n\t\t\t\t\t\t\t\t\t<\/article>\n\t\t\t\t\t\t\t\t\t\t\t\t\t\t\t\t<article class=\"uagb-post__inner-wrap\">\t\t\t\t\t\t\t\t<h4 class=\"uagb-post__title uagb-post__text\">\n\t\t\t\t<a href=\"https:\/\/hectorasencio.net\/aplicaciones-arqueologia\/analisis-con-oxcal\/\" target=\"_blank\" rel=\"bookmark noopener noreferrer\">An\u00e1lisis estad\u00edstico bayesiano con OxCal<\/a>\n\t\t\t<\/h4>\n\t\t\t\n\t\t\t\t\t\t\t\t\t<\/article>\n\t\t\t\t\t\t\t\t\t\t\t\t\t\t\t\t<article class=\"uagb-post__inner-wrap\">\t\t\t\t\t\t\t\t<h4 class=\"uagb-post__title uagb-post__text\">\n\t\t\t\t<a href=\"https:\/\/hectorasencio.net\/aplicaciones-arqueologia\/analisis-de-datos-lidar-usando-qgis-y-lastools\/\" target=\"_blank\" rel=\"bookmark noopener noreferrer\">An\u00e1lisis de datos LiDAR en QGIS con LAStools<\/a>\n\t\t\t<\/h4>\n\t\t\t\n\t\t\t\t\t\t\t\t\t<\/article>\n\t\t\t\t\t\t\t\t\t\t\t<\/div>\n\t\t\t<\/div>\n","protected":false},"excerpt":{"rendered":"<p>TEMA 1 Transformaci\u00f3n de datos anal\u00f3gicos a datos digitales Conversi\u00f3n de datos anal\u00f3gicos a digitales, creaci\u00f3n de IDEs, herramientas CAD y edici\u00f3n web. TEMA 2 Herramientas y t\u00e9cnicas para la anastilosis virtual Desarrollo de modelos 3D con Blender y Metashape para la reconstrucci\u00f3n de monumentos. TEMA 3 Captura, gesti\u00f3n y modelizaci\u00f3n de informaci\u00f3n Digitalizaci\u00f3n de [&hellip;]<\/p>\n","protected":false},"author":1,"featured_media":0,"parent":0,"menu_order":0,"comment_status":"closed","ping_status":"closed","template":"","meta":{"_uag_custom_page_level_css":"","_swt_meta_header_display":false,"_swt_meta_footer_display":false,"_swt_meta_site_title_display":false,"_swt_meta_sticky_header":false,"_swt_meta_transparent_header":false,"footnotes":""},"class_list":["post-6","page","type-page","status-publish","hentry"],"uagb_featured_image_src":{"full":false,"thumbnail":false,"medium":false,"medium_large":false,"large":false,"1536x1536":false,"2048x2048":false},"uagb_author_info":{"display_name":"cranca","author_link":"https:\/\/hectorasencio.net\/aplicaciones-arqueologia\/author\/cranca\/"},"uagb_comment_info":0,"uagb_excerpt":"TEMA 1 Transformaci\u00f3n de datos anal\u00f3gicos a datos digitales Conversi\u00f3n de datos anal\u00f3gicos a digitales, creaci\u00f3n de IDEs, herramientas CAD y edici\u00f3n web. TEMA 2 Herramientas y t\u00e9cnicas para la anastilosis virtual Desarrollo de modelos 3D con Blender y Metashape para la reconstrucci\u00f3n de monumentos. TEMA 3 Captura, gesti\u00f3n y modelizaci\u00f3n de informaci\u00f3n Digitalizaci\u00f3n de&hellip;","_links":{"self":[{"href":"https:\/\/hectorasencio.net\/aplicaciones-arqueologia\/wp-json\/wp\/v2\/pages\/6","targetHints":{"allow":["GET"]}}],"collection":[{"href":"https:\/\/hectorasencio.net\/aplicaciones-arqueologia\/wp-json\/wp\/v2\/pages"}],"about":[{"href":"https:\/\/hectorasencio.net\/aplicaciones-arqueologia\/wp-json\/wp\/v2\/types\/page"}],"author":[{"embeddable":true,"href":"https:\/\/hectorasencio.net\/aplicaciones-arqueologia\/wp-json\/wp\/v2\/users\/1"}],"replies":[{"embeddable":true,"href":"https:\/\/hectorasencio.net\/aplicaciones-arqueologia\/wp-json\/wp\/v2\/comments?post=6"}],"version-history":[{"count":61,"href":"https:\/\/hectorasencio.net\/aplicaciones-arqueologia\/wp-json\/wp\/v2\/pages\/6\/revisions"}],"predecessor-version":[{"id":491,"href":"https:\/\/hectorasencio.net\/aplicaciones-arqueologia\/wp-json\/wp\/v2\/pages\/6\/revisions\/491"}],"wp:attachment":[{"href":"https:\/\/hectorasencio.net\/aplicaciones-arqueologia\/wp-json\/wp\/v2\/media?parent=6"}],"curies":[{"name":"wp","href":"https:\/\/api.w.org\/{rel}","templated":true}]}}