{"id":35,"date":"2024-03-28T21:22:32","date_gmt":"2024-03-28T20:22:32","guid":{"rendered":"https:\/\/hectorasencio.net\/aplicaciones-arqueologia\/?page_id=35"},"modified":"2024-07-02T19:11:43","modified_gmt":"2024-07-02T17:11:43","slug":"calibracion-de-fechas-y-datacion-digital","status":"publish","type":"page","link":"https:\/\/hectorasencio.net\/aplicaciones-arqueologia\/calibracion-de-fechas-y-datacion-digital\/","title":{"rendered":"Calibraci\u00f3n de fechas y dataci\u00f3n digital"},"content":{"rendered":"\n<p>Para un correcto an\u00e1lisis del registro arqueol\u00f3gico es necesario contar con t\u00e9cnicas y m\u00e9todos de dataci\u00f3n y para poder aproximarnos lo mas posible a una fecha probable los resultados de los an\u00e1lisis de laboratorio deben calibrarse.<\/p>\n\n\n\n<div style=\"height:104px\" aria-hidden=\"true\" class=\"wp-block-spacer\"><\/div>\n\n\n\n<div class=\"wp-block-group alignwide is-layout-flow wp-block-group-is-layout-flow\">\n<div class=\"wp-block-uagb-separator uagb-block-c5c3ffa2 wp-block-uagb-separator--text\"><div class=\"wp-block-uagb-separator__inner\" style=\"--my-background-image:\"><div class=\"wp-block-uagb-separator-element\"><h3 class=\"uagb-html-tag\">Art\u00edculos relacionados<\/h3><\/div><\/div><\/div>\n\n\n\n<div style=\"height:29px\" aria-hidden=\"true\" class=\"wp-block-spacer\"><\/div>\n\n\n\n\t\t\t<div class=\"wp-block-uagb-post-grid uagb-post-grid  uagb-post__image-position-top uagb-post__image-disabled uagb-block-0018e962     uagb-post__items uagb-post__columns-3 is-grid uagb-post__columns-tablet-2 uagb-post__columns-mobile-1 uagb-post__equal-height\" data-total=\"1\" style=\"\">\n\n\t\t\t\t\t\t\t\t\t\t\t\t<article class=\"uagb-post__inner-wrap\">\t\t\t\t\t\t\t\t<h4 class=\"uagb-post__title uagb-post__text\">\n\t\t\t\t<a href=\"https:\/\/hectorasencio.net\/aplicaciones-arqueologia\/calibracion-con-calpal\/\" target=\"_blank\" rel=\"bookmark noopener noreferrer\">Calibraci\u00f3n de fechas radiocarb\u00f3nicas con CalPal<\/a>\n\t\t\t<\/h4>\n\t\t\t\t\t\t<div class=\"uagb-post__text uagb-post__cta wp-block-button\">\n\t\t\t\t<a class=\"wp-block-button__link uagb-text-link\" style=\"\" href=\"https:\/\/hectorasencio.net\/aplicaciones-arqueologia\/calibracion-con-calpal\/\" target=\"_blank\" rel=\"bookmark noopener noreferrer\">Ver art\u00edculo  -&gt;<\/a>\n\t\t\t<\/div>\n\t\t\t\n\t\t\t\t\t\t\t\t\t<\/article>\n\t\t\t\t\t\t\t\t\t\t\t\t\t\t\t\t<article class=\"uagb-post__inner-wrap\">\t\t\t\t\t\t\t\t<h4 class=\"uagb-post__title uagb-post__text\">\n\t\t\t\t<a href=\"https:\/\/hectorasencio.net\/aplicaciones-arqueologia\/analisis-con-oxcal\/\" target=\"_blank\" rel=\"bookmark noopener noreferrer\">An\u00e1lisis estad\u00edstico bayesiano con OxCal<\/a>\n\t\t\t<\/h4>\n\t\t\t\t\t\t<div class=\"uagb-post__text uagb-post__cta wp-block-button\">\n\t\t\t\t<a class=\"wp-block-button__link uagb-text-link\" style=\"\" href=\"https:\/\/hectorasencio.net\/aplicaciones-arqueologia\/analisis-con-oxcal\/\" target=\"_blank\" rel=\"bookmark noopener noreferrer\">Ver art\u00edculo  -&gt;<\/a>\n\t\t\t<\/div>\n\t\t\t\n\t\t\t\t\t\t\t\t\t<\/article>\n\t\t\t\t\t\t\t\t\t\t\t<\/div>\n\t\t\t<\/div>\n","protected":false},"excerpt":{"rendered":"<p>Para un correcto an\u00e1lisis del registro arqueol\u00f3gico es necesario contar con t\u00e9cnicas y m\u00e9todos de dataci\u00f3n y para poder aproximarnos lo mas posible a una fecha probable los resultados de los an\u00e1lisis de laboratorio deben calibrarse.<\/p>\n","protected":false},"author":1,"featured_media":0,"parent":0,"menu_order":0,"comment_status":"closed","ping_status":"closed","template":"","meta":{"_uag_custom_page_level_css":"","_swt_meta_header_display":false,"_swt_meta_footer_display":false,"_swt_meta_site_title_display":false,"_swt_meta_sticky_header":false,"_swt_meta_transparent_header":false,"footnotes":""},"class_list":["post-35","page","type-page","status-publish","hentry"],"uagb_featured_image_src":{"full":false,"thumbnail":false,"medium":false,"medium_large":false,"large":false,"1536x1536":false,"2048x2048":false},"uagb_author_info":{"display_name":"cranca","author_link":"https:\/\/hectorasencio.net\/aplicaciones-arqueologia\/author\/cranca\/"},"uagb_comment_info":0,"uagb_excerpt":"Para un correcto an\u00e1lisis del registro arqueol\u00f3gico es necesario contar con t\u00e9cnicas y m\u00e9todos de dataci\u00f3n y para poder aproximarnos lo mas posible a una fecha probable los resultados de los an\u00e1lisis de laboratorio deben calibrarse.","_links":{"self":[{"href":"https:\/\/hectorasencio.net\/aplicaciones-arqueologia\/wp-json\/wp\/v2\/pages\/35","targetHints":{"allow":["GET"]}}],"collection":[{"href":"https:\/\/hectorasencio.net\/aplicaciones-arqueologia\/wp-json\/wp\/v2\/pages"}],"about":[{"href":"https:\/\/hectorasencio.net\/aplicaciones-arqueologia\/wp-json\/wp\/v2\/types\/page"}],"author":[{"embeddable":true,"href":"https:\/\/hectorasencio.net\/aplicaciones-arqueologia\/wp-json\/wp\/v2\/users\/1"}],"replies":[{"embeddable":true,"href":"https:\/\/hectorasencio.net\/aplicaciones-arqueologia\/wp-json\/wp\/v2\/comments?post=35"}],"version-history":[{"count":5,"href":"https:\/\/hectorasencio.net\/aplicaciones-arqueologia\/wp-json\/wp\/v2\/pages\/35\/revisions"}],"predecessor-version":[{"id":337,"href":"https:\/\/hectorasencio.net\/aplicaciones-arqueologia\/wp-json\/wp\/v2\/pages\/35\/revisions\/337"}],"wp:attachment":[{"href":"https:\/\/hectorasencio.net\/aplicaciones-arqueologia\/wp-json\/wp\/v2\/media?parent=35"}],"curies":[{"name":"wp","href":"https:\/\/api.w.org\/{rel}","templated":true}]}}