{"id":33,"date":"2024-03-28T21:21:50","date_gmt":"2024-03-28T20:21:50","guid":{"rendered":"https:\/\/hectorasencio.net\/aplicaciones-arqueologia\/?page_id=33"},"modified":"2026-03-06T12:16:25","modified_gmt":"2026-03-06T11:16:25","slug":"herramientas-y-tecnicas-de-anastilosis-virtual","status":"publish","type":"page","link":"https:\/\/hectorasencio.net\/aplicaciones-arqueologia\/herramientas-y-tecnicas-de-anastilosis-virtual\/","title":{"rendered":"Herramientas y t\u00e9cnicas de anastilosis virtual"},"content":{"rendered":"\n<p>Anastilosis es el t\u00e9rmino que se usa en arqueolog\u00eda para denominar a la reconstrucci\u00f3n de monumento, edificaciones o piezas a partir de sus restos. La anastilosis virtual se refiere a la realizaci\u00f3n de dichas reconstrucciones mediante herramientas digitales, principalmente la fotogrametr\u00eda y el modelaje 3D.<\/p>\n\n\n\n<div style=\"height:104px\" aria-hidden=\"true\" class=\"wp-block-spacer\"><\/div>\n\n\n\n<div class=\"wp-block-group alignwide is-layout-flow wp-block-group-is-layout-flow\">\n<div class=\"wp-block-uagb-separator uagb-block-c5c3ffa2 wp-block-uagb-separator--text\"><div class=\"wp-block-uagb-separator__inner\" style=\"--my-background-image:\"><div class=\"wp-block-uagb-separator-element\"><h3 class=\"uagb-html-tag\">Art\u00edculos relacionados<\/h3><\/div><\/div><\/div>\n\n\n\n<div style=\"height:29px\" aria-hidden=\"true\" class=\"wp-block-spacer\"><\/div>\n\n\n\n\t\t\t<div class=\"wp-block-uagb-post-grid uagb-post-grid  uagb-post__image-position-top uagb-post__image-disabled uagb-block-0018e962     uagb-post__items uagb-post__columns-3 is-grid uagb-post__columns-tablet-2 uagb-post__columns-mobile-1 uagb-post__equal-height\" data-total=\"1\" style=\"\">\n\n\t\t\t\t\t\t\t\t\t\t\t\t<article class=\"uagb-post__inner-wrap\">\t\t\t\t\t\t\t\t<h4 class=\"uagb-post__title uagb-post__text\">\n\t\t\t\t<a href=\"https:\/\/hectorasencio.net\/aplicaciones-arqueologia\/fotogrametria-basica\/\" target=\"_blank\" rel=\"bookmark noopener noreferrer\">Primeros pasos para la fotogrametr\u00eda del patrimonio<\/a>\n\t\t\t<\/h4>\n\t\t\t\t\t\t<div class=\"uagb-post__text uagb-post__cta wp-block-button\">\n\t\t\t\t<a class=\"wp-block-button__link uagb-text-link\" style=\"\" href=\"https:\/\/hectorasencio.net\/aplicaciones-arqueologia\/fotogrametria-basica\/\" target=\"_blank\" rel=\"bookmark noopener noreferrer\">Ver art\u00edculo  -&gt;<\/a>\n\t\t\t<\/div>\n\t\t\t\n\t\t\t\t\t\t\t\t\t<\/article>\n\t\t\t\t\t\t\t\t\t\t\t\t\t\t\t\t<article class=\"uagb-post__inner-wrap\">\t\t\t\t\t\t\t\t<h4 class=\"uagb-post__title uagb-post__text\">\n\t\t\t\t<a href=\"https:\/\/hectorasencio.net\/aplicaciones-arqueologia\/introduccion-a-blender\/\" target=\"_blank\" rel=\"bookmark noopener noreferrer\">Introducci\u00f3n a Blender para la gesti\u00f3n del patrimonio<\/a>\n\t\t\t<\/h4>\n\t\t\t\t\t\t<div class=\"uagb-post__text uagb-post__cta wp-block-button\">\n\t\t\t\t<a class=\"wp-block-button__link uagb-text-link\" style=\"\" href=\"https:\/\/hectorasencio.net\/aplicaciones-arqueologia\/introduccion-a-blender\/\" target=\"_blank\" rel=\"bookmark noopener noreferrer\">Ver art\u00edculo  -&gt;<\/a>\n\t\t\t<\/div>\n\t\t\t\n\t\t\t\t\t\t\t\t\t<\/article>\n\t\t\t\t\t\t\t\t\t\t\t<\/div>\n\t\t\t<\/div>\n","protected":false},"excerpt":{"rendered":"<p>Anastilosis es el t\u00e9rmino que se usa en arqueolog\u00eda para denominar a la reconstrucci\u00f3n de monumento, edificaciones o piezas a partir de sus restos. La anastilosis virtual se refiere a la realizaci\u00f3n de dichas reconstrucciones mediante herramientas digitales, principalmente la fotogrametr\u00eda y el modelaje 3D.<\/p>\n","protected":false},"author":1,"featured_media":0,"parent":0,"menu_order":0,"comment_status":"closed","ping_status":"closed","template":"","meta":{"_uag_custom_page_level_css":"","_swt_meta_header_display":false,"_swt_meta_footer_display":false,"_swt_meta_site_title_display":false,"_swt_meta_sticky_header":false,"_swt_meta_transparent_header":false,"footnotes":""},"class_list":["post-33","page","type-page","status-publish","hentry"],"uagb_featured_image_src":{"full":false,"thumbnail":false,"medium":false,"medium_large":false,"large":false,"1536x1536":false,"2048x2048":false},"uagb_author_info":{"display_name":"cranca","author_link":"https:\/\/hectorasencio.net\/aplicaciones-arqueologia\/author\/cranca\/"},"uagb_comment_info":0,"uagb_excerpt":"Anastilosis es el t\u00e9rmino que se usa en arqueolog\u00eda para denominar a la reconstrucci\u00f3n de monumento, edificaciones o piezas a partir de sus restos. La anastilosis virtual se refiere a la realizaci\u00f3n de dichas reconstrucciones mediante herramientas digitales, principalmente la fotogrametr\u00eda y el modelaje 3D.","_links":{"self":[{"href":"https:\/\/hectorasencio.net\/aplicaciones-arqueologia\/wp-json\/wp\/v2\/pages\/33","targetHints":{"allow":["GET"]}}],"collection":[{"href":"https:\/\/hectorasencio.net\/aplicaciones-arqueologia\/wp-json\/wp\/v2\/pages"}],"about":[{"href":"https:\/\/hectorasencio.net\/aplicaciones-arqueologia\/wp-json\/wp\/v2\/types\/page"}],"author":[{"embeddable":true,"href":"https:\/\/hectorasencio.net\/aplicaciones-arqueologia\/wp-json\/wp\/v2\/users\/1"}],"replies":[{"embeddable":true,"href":"https:\/\/hectorasencio.net\/aplicaciones-arqueologia\/wp-json\/wp\/v2\/comments?post=33"}],"version-history":[{"count":7,"href":"https:\/\/hectorasencio.net\/aplicaciones-arqueologia\/wp-json\/wp\/v2\/pages\/33\/revisions"}],"predecessor-version":[{"id":464,"href":"https:\/\/hectorasencio.net\/aplicaciones-arqueologia\/wp-json\/wp\/v2\/pages\/33\/revisions\/464"}],"wp:attachment":[{"href":"https:\/\/hectorasencio.net\/aplicaciones-arqueologia\/wp-json\/wp\/v2\/media?parent=33"}],"curies":[{"name":"wp","href":"https:\/\/api.w.org\/{rel}","templated":true}]}}