{"id":32,"date":"2024-03-28T21:19:36","date_gmt":"2024-03-28T20:19:36","guid":{"rendered":"https:\/\/hectorasencio.net\/aplicaciones-arqueologia\/?page_id=32"},"modified":"2024-05-31T11:51:08","modified_gmt":"2024-05-31T09:51:08","slug":"transformacion-de-datos-analogicos-en-datos-digitales","status":"publish","type":"page","link":"https:\/\/hectorasencio.net\/aplicaciones-arqueologia\/transformacion-de-datos-analogicos-en-datos-digitales\/","title":{"rendered":"Transformaci\u00f3n de datos anal\u00f3gicos en datos digitales"},"content":{"rendered":"\n<p>La digitalizaci\u00f3n del registro arqueol\u00f3gico acumulado a lo largo de d\u00e9cadas en formato anal\u00f3gico supone un cambio de paradigma en cuanto a la pr\u00e1ctica arqueol\u00f3gica por cuanto aporta una serie de ventajas importantes:<\/p>\n\n\n\n<ul class=\"wp-block-list\">\n<li style=\"font-style:normal;font-weight:600\">Agilizar la gesti\u00f3n y el an\u00e1lisis de datos<\/li>\n\n\n\n<li style=\"font-style:normal;font-weight:600\">Transformar los datos en entidades procesables de forma automatizada<\/li>\n\n\n\n<li style=\"font-style:normal;font-weight:600\">Manejar mayores cantidades de informaci\u00f3n de forma met\u00f3dica y sistem\u00e1tica<\/li>\n\n\n\n<li style=\"font-style:normal;font-weight:600\">Facilitar el acceso a la informaci\u00f3n y el trabajo colaborativo<\/li>\n\n\n\n<li style=\"font-style:normal;font-weight:600\">Promover la difusi\u00f3n y la divulgaci\u00f3n del trabajo y los resultados<\/li>\n<\/ul>\n\n\n\n<p>El proceso de digitalizaci\u00f3n de la informaci\u00f3n relativa a un proyecto arqueol\u00f3gico implicar\u00e1 en la mayor\u00eda de casos las siguientes tareas:<\/p>\n\n\n\n<ul class=\"wp-block-list\">\n<li style=\"font-style:normal;font-weight:400\">Escaneo de la documentaci\u00f3n en papel<\/li>\n\n\n\n<li style=\"font-style:normal;font-weight:400\">Volcado de informaci\u00f3n en una base de datos<\/li>\n\n\n\n<li style=\"font-style:normal;font-weight:400\">Creaci\u00f3n de modelos 3D<\/li>\n\n\n\n<li style=\"font-style:normal;font-weight:400\">Desarrollo de un entorno GIS<\/li>\n\n\n\n<li style=\"font-style:normal;font-weight:400\">Publicaci\u00f3n en una plataforma web<\/li>\n<\/ul>\n\n\n\n<p>Este proceso dar\u00e1 lugar a una <a href=\"https:\/\/hectorasencio.net\/aplicaciones-arqueologia\/desarrollo-ide\/\" data-type=\"post\" data-id=\"1\">Infraestructura de Datos Espaciales<\/a> o IDE que reuna en una p\u00e1gina web toda la informaci\u00f3n y documentaci\u00f3n digitalizada.<\/p>\n\n\n\n<div style=\"height:104px\" aria-hidden=\"true\" class=\"wp-block-spacer\"><\/div>\n\n\n\n<div class=\"wp-block-group alignwide is-layout-flow wp-block-group-is-layout-flow\">\n<div class=\"wp-block-uagb-separator uagb-block-c5c3ffa2 wp-block-uagb-separator--text\"><div class=\"wp-block-uagb-separator__inner\" style=\"--my-background-image:\"><div class=\"wp-block-uagb-separator-element\"><h3 class=\"uagb-html-tag\">Art\u00edculos relacionados<\/h3><\/div><\/div><\/div>\n\n\n\n<div style=\"height:29px\" aria-hidden=\"true\" class=\"wp-block-spacer\"><\/div>\n\n\n\n\t\t\t<div class=\"wp-block-uagb-post-grid uagb-post-grid  uagb-post__image-position-top uagb-post__image-disabled uagb-block-0018e962     uagb-post__items uagb-post__columns-3 is-grid uagb-post__columns-tablet-2 uagb-post__columns-mobile-1 uagb-post__equal-height\" data-total=\"1\" style=\"\">\n\n\t\t\t\t\t\t\t\t\t\t\t\t<article class=\"uagb-post__inner-wrap\">\t\t\t\t\t\t\t\t<h4 class=\"uagb-post__title uagb-post__text\">\n\t\t\t\t<a href=\"https:\/\/hectorasencio.net\/aplicaciones-arqueologia\/desarrollo-ide\/\" target=\"_blank\" rel=\"bookmark noopener noreferrer\">Desarrollo de Infraestructuras de Datos Espaciales<\/a>\n\t\t\t<\/h4>\n\t\t\t\t\t\t<div class=\"uagb-post__text uagb-post__cta wp-block-button\">\n\t\t\t\t<a class=\"wp-block-button__link uagb-text-link\" style=\"\" href=\"https:\/\/hectorasencio.net\/aplicaciones-arqueologia\/desarrollo-ide\/\" target=\"_blank\" rel=\"bookmark noopener noreferrer\">Ver art\u00edculo  -&gt;<\/a>\n\t\t\t<\/div>\n\t\t\t\n\t\t\t\t\t\t\t\t\t<\/article>\n\t\t\t\t\t\t\t\t\t\t\t\t\t\t\t\t<article class=\"uagb-post__inner-wrap\">\t\t\t\t\t\t\t\t<h4 class=\"uagb-post__title uagb-post__text\">\n\t\t\t\t<a href=\"https:\/\/hectorasencio.net\/aplicaciones-arqueologia\/la-matriz-de-harris\/\" target=\"_blank\" rel=\"bookmark noopener noreferrer\">Creaci\u00f3n de matrices con Harris Matrix Composer<\/a>\n\t\t\t<\/h4>\n\t\t\t\t\t\t<div class=\"uagb-post__text uagb-post__cta wp-block-button\">\n\t\t\t\t<a class=\"wp-block-button__link uagb-text-link\" style=\"\" href=\"https:\/\/hectorasencio.net\/aplicaciones-arqueologia\/la-matriz-de-harris\/\" target=\"_blank\" rel=\"bookmark noopener noreferrer\">Ver art\u00edculo  -&gt;<\/a>\n\t\t\t<\/div>\n\t\t\t\n\t\t\t\t\t\t\t\t\t<\/article>\n\t\t\t\t\t\t\t\t\t\t\t\t\t\t\t\t<article class=\"uagb-post__inner-wrap\">\t\t\t\t\t\t\t\t<h4 class=\"uagb-post__title uagb-post__text\">\n\t\t\t\t<a href=\"https:\/\/hectorasencio.net\/aplicaciones-arqueologia\/planimetria-en-cad\/\" target=\"_blank\" rel=\"bookmark noopener noreferrer\">Dibujo arqueol\u00f3gico y planimetr\u00eda en CAD<\/a>\n\t\t\t<\/h4>\n\t\t\t\t\t\t<div class=\"uagb-post__text uagb-post__cta wp-block-button\">\n\t\t\t\t<a class=\"wp-block-button__link uagb-text-link\" style=\"\" href=\"https:\/\/hectorasencio.net\/aplicaciones-arqueologia\/planimetria-en-cad\/\" target=\"_blank\" rel=\"bookmark noopener noreferrer\">Ver art\u00edculo  -&gt;<\/a>\n\t\t\t<\/div>\n\t\t\t\n\t\t\t\t\t\t\t\t\t<\/article>\n\t\t\t\t\t\t\t\t\t\t\t<\/div>\n\t\t\t<\/div>\n","protected":false},"excerpt":{"rendered":"<p>La digitalizaci\u00f3n del registro arqueol\u00f3gico acumulado a lo largo de d\u00e9cadas en formato anal\u00f3gico supone un cambio de paradigma en cuanto a la pr\u00e1ctica arqueol\u00f3gica por cuanto aporta una serie de ventajas importantes: El proceso de digitalizaci\u00f3n de la informaci\u00f3n relativa a un proyecto arqueol\u00f3gico implicar\u00e1 en la mayor\u00eda de casos las siguientes tareas: Este [&hellip;]<\/p>\n","protected":false},"author":1,"featured_media":0,"parent":0,"menu_order":0,"comment_status":"closed","ping_status":"closed","template":"","meta":{"_uag_custom_page_level_css":"","_swt_meta_header_display":false,"_swt_meta_footer_display":false,"_swt_meta_site_title_display":false,"_swt_meta_sticky_header":false,"_swt_meta_transparent_header":false,"footnotes":""},"class_list":["post-32","page","type-page","status-publish","hentry"],"uagb_featured_image_src":{"full":false,"thumbnail":false,"medium":false,"medium_large":false,"large":false,"1536x1536":false,"2048x2048":false},"uagb_author_info":{"display_name":"cranca","author_link":"https:\/\/hectorasencio.net\/aplicaciones-arqueologia\/author\/cranca\/"},"uagb_comment_info":0,"uagb_excerpt":"La digitalizaci\u00f3n del registro arqueol\u00f3gico acumulado a lo largo de d\u00e9cadas en formato anal\u00f3gico supone un cambio de paradigma en cuanto a la pr\u00e1ctica arqueol\u00f3gica por cuanto aporta una serie de ventajas importantes: El proceso de digitalizaci\u00f3n de la informaci\u00f3n relativa a un proyecto arqueol\u00f3gico implicar\u00e1 en la mayor\u00eda de casos las siguientes tareas: Este&hellip;","_links":{"self":[{"href":"https:\/\/hectorasencio.net\/aplicaciones-arqueologia\/wp-json\/wp\/v2\/pages\/32","targetHints":{"allow":["GET"]}}],"collection":[{"href":"https:\/\/hectorasencio.net\/aplicaciones-arqueologia\/wp-json\/wp\/v2\/pages"}],"about":[{"href":"https:\/\/hectorasencio.net\/aplicaciones-arqueologia\/wp-json\/wp\/v2\/types\/page"}],"author":[{"embeddable":true,"href":"https:\/\/hectorasencio.net\/aplicaciones-arqueologia\/wp-json\/wp\/v2\/users\/1"}],"replies":[{"embeddable":true,"href":"https:\/\/hectorasencio.net\/aplicaciones-arqueologia\/wp-json\/wp\/v2\/comments?post=32"}],"version-history":[{"count":25,"href":"https:\/\/hectorasencio.net\/aplicaciones-arqueologia\/wp-json\/wp\/v2\/pages\/32\/revisions"}],"predecessor-version":[{"id":324,"href":"https:\/\/hectorasencio.net\/aplicaciones-arqueologia\/wp-json\/wp\/v2\/pages\/32\/revisions\/324"}],"wp:attachment":[{"href":"https:\/\/hectorasencio.net\/aplicaciones-arqueologia\/wp-json\/wp\/v2\/media?parent=32"}],"curies":[{"name":"wp","href":"https:\/\/api.w.org\/{rel}","templated":true}]}}