{"id":254,"date":"2024-06-13T12:37:31","date_gmt":"2024-06-13T10:37:31","guid":{"rendered":"https:\/\/hectorasencio.net\/aplicaciones-arqueologia\/?page_id=254"},"modified":"2024-06-13T13:10:16","modified_gmt":"2024-06-13T11:10:16","slug":"bibliografia-y-articulos","status":"publish","type":"page","link":"https:\/\/hectorasencio.net\/aplicaciones-arqueologia\/bibliografia-y-articulos\/","title":{"rendered":"Bibliograf\u00eda y art\u00edculos"},"content":{"rendered":"\n<div class=\"wp-block-group alignwide is-layout-flow wp-container-core-group-is-layout-b60ec1cd wp-block-group-is-layout-flow\" style=\"padding-top:var(--wp--preset--spacing--xxx-small);padding-bottom:var(--wp--preset--spacing--xxx-small)\">\n<div class=\"wp-block-uagb-advanced-heading uagb-block-37fe08f8\"><h2 class=\"uagb-heading-text\">Bibliograf\u00eda y art\u00edculos sobre arqueolog\u00eda virtual<\/h2><\/div>\n\n\n\n<div style=\"height:29px\" aria-hidden=\"true\" class=\"wp-block-spacer\"><\/div>\n<\/div>\n","protected":false},"excerpt":{"rendered":"<p>Bibliograf\u00eda y art\u00edculos sobre arqueolog\u00eda virtual<\/p>\n","protected":false},"author":1,"featured_media":0,"parent":0,"menu_order":0,"comment_status":"closed","ping_status":"closed","template":"","meta":{"_uag_custom_page_level_css":"","_swt_meta_header_display":false,"_swt_meta_footer_display":false,"_swt_meta_site_title_display":true,"_swt_meta_sticky_header":false,"_swt_meta_transparent_header":false,"footnotes":""},"class_list":["post-254","page","type-page","status-publish","hentry"],"uagb_featured_image_src":{"full":false,"thumbnail":false,"medium":false,"medium_large":false,"large":false,"1536x1536":false,"2048x2048":false},"uagb_author_info":{"display_name":"cranca","author_link":"https:\/\/hectorasencio.net\/aplicaciones-arqueologia\/author\/cranca\/"},"uagb_comment_info":0,"uagb_excerpt":"Bibliograf\u00eda y art\u00edculos sobre arqueolog\u00eda virtual","_links":{"self":[{"href":"https:\/\/hectorasencio.net\/aplicaciones-arqueologia\/wp-json\/wp\/v2\/pages\/254","targetHints":{"allow":["GET"]}}],"collection":[{"href":"https:\/\/hectorasencio.net\/aplicaciones-arqueologia\/wp-json\/wp\/v2\/pages"}],"about":[{"href":"https:\/\/hectorasencio.net\/aplicaciones-arqueologia\/wp-json\/wp\/v2\/types\/page"}],"author":[{"embeddable":true,"href":"https:\/\/hectorasencio.net\/aplicaciones-arqueologia\/wp-json\/wp\/v2\/users\/1"}],"replies":[{"embeddable":true,"href":"https:\/\/hectorasencio.net\/aplicaciones-arqueologia\/wp-json\/wp\/v2\/comments?post=254"}],"version-history":[{"count":2,"href":"https:\/\/hectorasencio.net\/aplicaciones-arqueologia\/wp-json\/wp\/v2\/pages\/254\/revisions"}],"predecessor-version":[{"id":266,"href":"https:\/\/hectorasencio.net\/aplicaciones-arqueologia\/wp-json\/wp\/v2\/pages\/254\/revisions\/266"}],"wp:attachment":[{"href":"https:\/\/hectorasencio.net\/aplicaciones-arqueologia\/wp-json\/wp\/v2\/media?parent=254"}],"curies":[{"name":"wp","href":"https:\/\/api.w.org\/{rel}","templated":true}]}}